{"id":19876,"date":"2025-09-11T19:23:40","date_gmt":"2025-09-11T22:23:40","guid":{"rendered":"https:\/\/specialcarsvf.com.br\/?post_type=product&#038;p=19876"},"modified":"2025-12-27T14:37:36","modified_gmt":"2025-12-27T17:37:36","slug":"porsche-boxter","status":"publish","type":"product","link":"https:\/\/specialcarsvf.com.br\/index.php\/produto\/porsche-boxter\/","title":{"rendered":"Porsche Boxter"},"content":{"rendered":"<p><strong>O Porsche Boxter de Velozes e Furiosos 2, combinando o luxo alem\u00e3o com a adrenalina do mundo das corridas.<\/strong><\/p>\n<p>&nbsp;<\/p>\n<p>Percurso de 10 km, com piloto acompanhando e direito \u00e0 condu\u00e7\u00e3o.<\/p>\n","protected":false},"excerpt":{"rendered":"<p>O Porsche Boxter de Velozes e Furiosos 2, combinando o luxo alem\u00e3o com a adrenalina do mundo das corridas. &nbsp; Percurso de 10 km, com piloto acompanhando e direito \u00e0 condu\u00e7\u00e3o.<\/p>\n","protected":false},"featured_media":19943,"comment_status":"open","ping_status":"closed","template":"","meta":[],"product_brand":[],"product_cat":[128],"product_tag":[131],"class_list":{"0":"post-19876","1":"product","2":"type-product","3":"status-publish","4":"has-post-thumbnail","6":"product_cat-velozes-e-furiosos-2","7":"product_tag-velozes-e-furiosos-2","8":"description-off","10":"first","11":"instock","12":"sold-individually","13":"shipping-taxable","14":"product-type-simple"},"_links":{"self":[{"href":"https:\/\/specialcarsvf.com.br\/index.php\/wp-json\/wp\/v2\/product\/19876","targetHints":{"allow":["GET"]}}],"collection":[{"href":"https:\/\/specialcarsvf.com.br\/index.php\/wp-json\/wp\/v2\/product"}],"about":[{"href":"https:\/\/specialcarsvf.com.br\/index.php\/wp-json\/wp\/v2\/types\/product"}],"replies":[{"embeddable":true,"href":"https:\/\/specialcarsvf.com.br\/index.php\/wp-json\/wp\/v2\/comments?post=19876"}],"wp:featuredmedia":[{"embeddable":true,"href":"https:\/\/specialcarsvf.com.br\/index.php\/wp-json\/wp\/v2\/media\/19943"}],"wp:attachment":[{"href":"https:\/\/specialcarsvf.com.br\/index.php\/wp-json\/wp\/v2\/media?parent=19876"}],"wp:term":[{"taxonomy":"product_brand","embeddable":true,"href":"https:\/\/specialcarsvf.com.br\/index.php\/wp-json\/wp\/v2\/product_brand?post=19876"},{"taxonomy":"product_cat","embeddable":true,"href":"https:\/\/specialcarsvf.com.br\/index.php\/wp-json\/wp\/v2\/product_cat?post=19876"},{"taxonomy":"product_tag","embeddable":true,"href":"https:\/\/specialcarsvf.com.br\/index.php\/wp-json\/wp\/v2\/product_tag?post=19876"}],"curies":[{"name":"wp","href":"https:\/\/api.w.org\/{rel}","templated":true}]}}