{"id":19575,"date":"2025-06-10T17:38:27","date_gmt":"2025-06-10T20:38:27","guid":{"rendered":"http:\/\/specialcarsvf.com.br:8888\/?post_type=product&#038;p=19575"},"modified":"2026-02-09T16:18:26","modified_gmt":"2026-02-09T19:18:26","slug":"camaro-ss","status":"publish","type":"product","link":"https:\/\/specialcarsvf.com.br\/index.php\/produto\/camaro-ss\/","title":{"rendered":"Camaro SS"},"content":{"rendered":"<p><strong>O poderoso muscle car de Dom em +Velozes +Furiosos, com suas caracter\u00edsticas listras de corrida e design agressivo.<\/strong><\/p>\n<p>&nbsp;<\/p>\n<p>Percurso de 10 km, com piloto acompanhando e direito \u00e0 condu\u00e7\u00e3o.<\/p>\n","protected":false},"excerpt":{"rendered":"<p>O poderoso muscle car de Dom em +Velozes +Furiosos, com suas caracter\u00edsticas listras de corrida e design agressivo. &nbsp; Percurso de 10 km, com piloto acompanhando e direito \u00e0 condu\u00e7\u00e3o.<\/p>\n","protected":false},"featured_media":19937,"comment_status":"open","ping_status":"closed","template":"","meta":[],"product_brand":[],"product_cat":[123],"product_tag":[125,124],"class_list":{"0":"post-19575","1":"product","2":"type-product","3":"status-publish","4":"has-post-thumbnail","6":"product_cat-velozes-furiosos","7":"product_tag-velozes-furiosos","8":"product_tag-dominic-toretto","9":"description-off","11":"first","12":"outofstock","13":"sold-individually","14":"shipping-taxable","15":"purchasable","16":"product-type-simple"},"_links":{"self":[{"href":"https:\/\/specialcarsvf.com.br\/index.php\/wp-json\/wp\/v2\/product\/19575","targetHints":{"allow":["GET"]}}],"collection":[{"href":"https:\/\/specialcarsvf.com.br\/index.php\/wp-json\/wp\/v2\/product"}],"about":[{"href":"https:\/\/specialcarsvf.com.br\/index.php\/wp-json\/wp\/v2\/types\/product"}],"replies":[{"embeddable":true,"href":"https:\/\/specialcarsvf.com.br\/index.php\/wp-json\/wp\/v2\/comments?post=19575"}],"wp:featuredmedia":[{"embeddable":true,"href":"https:\/\/specialcarsvf.com.br\/index.php\/wp-json\/wp\/v2\/media\/19937"}],"wp:attachment":[{"href":"https:\/\/specialcarsvf.com.br\/index.php\/wp-json\/wp\/v2\/media?parent=19575"}],"wp:term":[{"taxonomy":"product_brand","embeddable":true,"href":"https:\/\/specialcarsvf.com.br\/index.php\/wp-json\/wp\/v2\/product_brand?post=19575"},{"taxonomy":"product_cat","embeddable":true,"href":"https:\/\/specialcarsvf.com.br\/index.php\/wp-json\/wp\/v2\/product_cat?post=19575"},{"taxonomy":"product_tag","embeddable":true,"href":"https:\/\/specialcarsvf.com.br\/index.php\/wp-json\/wp\/v2\/product_tag?post=19575"}],"curies":[{"name":"wp","href":"https:\/\/api.w.org\/{rel}","templated":true}]}}